{"id":947,"date":"2016-06-03T08:05:25","date_gmt":"2016-06-03T08:05:25","guid":{"rendered":"http:\/\/www.campingpanorama.info\/wp\/?page_id=947"},"modified":"2020-05-22T19:44:29","modified_gmt":"2020-05-22T19:44:29","slug":"attivita","status":"publish","type":"page","link":"https:\/\/www.campingpanorama.info\/it\/attivita\/","title":{"rendered":"Attivit\u00e0"},"content":{"rendered":"<p><b><img loading=\"lazy\" decoding=\"async\" class=\"size-medium wp-image-970 alignright\" src=\"http:\/\/www.campingpanorama.info\/wp\/wp-content\/uploads\/2016\/06\/vertical-300x280.jpg\" alt=\"vertical\" width=\"300\" height=\"280\" srcset=\"https:\/\/www.campingpanorama.info\/wp-content\/uploads\/2016\/06\/vertical-300x280.jpg 300w, https:\/\/www.campingpanorama.info\/wp-content\/uploads\/2016\/06\/vertical.jpg 547w\" sizes=\"auto, (max-width: 300px) 100vw, 300px\" \/>Vivere il lago<\/b><br \/>\nNumerose sono le possibilit\u00e0 che il lago vi offre: relax, divertimento, sport, romanticismo, tranquillit\u00e0..<br \/>\nPotrai prendere il sole sulle belle spiagge o praticare il tuo sport preferito, come la vela, il windsurf, il katesurf, la canoa, lo sci nautico \u00a0ecc. Oppure potrete godere di una bella corsa in riva al lago.<br \/>\nSull&#8217; Alto Lario sono anche presenti prestigiosi circoli velici. Non sar\u00e0 dunque difficile per voi divertirvi praticando il vostro sport preferito!<\/p>\n<p><b>Il relax della montagna<\/b><br \/>\nLa cornice naturale dei Lago di Como \u00e8 la catena prealpina, ricca di cime, ridenti vallate, versanti soleggiati, fruibile durante tutto il corso dell\u2019 anno.<br \/>\nQuesto generoso territorio offre infinite possibilit\u00e0 di escursioni, adatte ad ogni tipo di esigenza, sentieri percorribili a piedi e in mountain bike, possibilit\u00e0 di pernottamento in rifugi alpini, ristori in allegre e semplici trattorie.<br \/>\nQuale miglior occasione per ritrovare l\u2019autenticit\u00e0 dei sapori di un tempo e godere degli inaspettati e meravigliosi panorami?!<\/p>\n<p><b>Link Utili<\/b><br \/>\n<a href=\"http:\/\/www.northlakecomo.net\">North Lake Como<\/a><br \/>\n<a href=\"http:\/\/www.lagodicomo.com\/\">Lago di Como<\/a><br \/>\n<a href=\"http:\/\/www.larioonline.it\/\">Lario Online<\/a><br \/>\n<a href=\"https:\/\/www.rentland.it\">Rent a Boat<\/a><br \/>\n<a href=\"http:\/\/www.skiffsailing.it\/\">Marv\u00e8lia Skiffsailing<\/a><br \/>\n<a href=\"http:\/\/www.lakecomoactivities.com\">Lake Como Activities<\/a><\/p>\n","protected":false},"excerpt":{"rendered":"<p>Vivere il lago Numerose sono le possibilit\u00e0 che il lago vi offre: relax, divertimento, sport, romanticismo, tranquillit\u00e0.. Potrai prendere il sole &#8230;<\/p>\n","protected":false},"author":1,"featured_media":0,"parent":0,"menu_order":0,"comment_status":"closed","ping_status":"closed","template":"","meta":{"footnotes":""},"class_list":["post-947","page","type-page","status-publish","hentry"],"yoast_head":"<!-- This site is optimized with the Yoast SEO plugin v24.6 - https:\/\/yoast.com\/wordpress\/plugins\/seo\/ -->\n<title>Attivit\u00e0 - Camping Panorama<\/title>\n<meta name=\"robots\" content=\"index, follow, max-snippet:-1, max-image-preview:large, max-video-preview:-1\" \/>\n<link rel=\"canonical\" href=\"https:\/\/www.campingpanorama.info\/it\/attivita\/\" \/>\n<meta property=\"og:locale\" content=\"it_IT\" \/>\n<meta property=\"og:type\" content=\"article\" \/>\n<meta property=\"og:title\" content=\"Attivit\u00e0 - Camping Panorama\" \/>\n<meta property=\"og:description\" content=\"Vivere il lago Numerose sono le possibilit\u00e0 che il lago vi offre: relax, divertimento, sport, romanticismo, tranquillit\u00e0.. Potrai prendere il sole ...\" \/>\n<meta property=\"og:url\" content=\"https:\/\/www.campingpanorama.info\/it\/attivita\/\" \/>\n<meta property=\"og:site_name\" content=\"Camping Panorama\" \/>\n<meta property=\"article:publisher\" content=\"https:\/\/www.facebook.com\/campingpanorama.info\/\" \/>\n<meta property=\"article:modified_time\" content=\"2020-05-22T19:44:29+00:00\" \/>\n<meta property=\"og:image\" content=\"http:\/\/www.campingpanorama.info\/wp\/wp-content\/uploads\/2016\/06\/vertical-300x280.jpg\" \/>\n<meta name=\"twitter:card\" content=\"summary_large_image\" \/>\n<meta name=\"twitter:label1\" content=\"Tempo di lettura stimato\" \/>\n\t<meta name=\"twitter:data1\" content=\"1 minuto\" \/>\n<script type=\"application\/ld+json\" class=\"yoast-schema-graph\">{\"@context\":\"https:\/\/schema.org\",\"@graph\":[{\"@type\":\"WebPage\",\"@id\":\"https:\/\/www.campingpanorama.info\/it\/attivita\/\",\"url\":\"https:\/\/www.campingpanorama.info\/it\/attivita\/\",\"name\":\"Attivit\u00e0 - Camping Panorama\",\"isPartOf\":{\"@id\":\"https:\/\/www.campingpanorama.info\/it\/#website\"},\"primaryImageOfPage\":{\"@id\":\"https:\/\/www.campingpanorama.info\/it\/attivita\/#primaryimage\"},\"image\":{\"@id\":\"https:\/\/www.campingpanorama.info\/it\/attivita\/#primaryimage\"},\"thumbnailUrl\":\"http:\/\/www.campingpanorama.info\/wp\/wp-content\/uploads\/2016\/06\/vertical-300x280.jpg\",\"datePublished\":\"2016-06-03T08:05:25+00:00\",\"dateModified\":\"2020-05-22T19:44:29+00:00\",\"breadcrumb\":{\"@id\":\"https:\/\/www.campingpanorama.info\/it\/attivita\/#breadcrumb\"},\"inLanguage\":\"it-IT\",\"potentialAction\":[{\"@type\":\"ReadAction\",\"target\":[\"https:\/\/www.campingpanorama.info\/it\/attivita\/\"]}]},{\"@type\":\"ImageObject\",\"inLanguage\":\"it-IT\",\"@id\":\"https:\/\/www.campingpanorama.info\/it\/attivita\/#primaryimage\",\"url\":\"http:\/\/www.campingpanorama.info\/wp\/wp-content\/uploads\/2016\/06\/vertical-300x280.jpg\",\"contentUrl\":\"http:\/\/www.campingpanorama.info\/wp\/wp-content\/uploads\/2016\/06\/vertical-300x280.jpg\"},{\"@type\":\"BreadcrumbList\",\"@id\":\"https:\/\/www.campingpanorama.info\/it\/attivita\/#breadcrumb\",\"itemListElement\":[{\"@type\":\"ListItem\",\"position\":1,\"name\":\"Home\",\"item\":\"https:\/\/www.campingpanorama.info\/it\/\"},{\"@type\":\"ListItem\",\"position\":2,\"name\":\"Attivit\u00e0\"}]},{\"@type\":\"WebSite\",\"@id\":\"https:\/\/www.campingpanorama.info\/it\/#website\",\"url\":\"https:\/\/www.campingpanorama.info\/it\/\",\"name\":\"Camping Panorama\",\"description\":\"Dongo\",\"potentialAction\":[{\"@type\":\"SearchAction\",\"target\":{\"@type\":\"EntryPoint\",\"urlTemplate\":\"https:\/\/www.campingpanorama.info\/it\/?s={search_term_string}\"},\"query-input\":{\"@type\":\"PropertyValueSpecification\",\"valueRequired\":true,\"valueName\":\"search_term_string\"}}],\"inLanguage\":\"it-IT\"}]}<\/script>\n<!-- \/ Yoast SEO plugin. -->","yoast_head_json":{"title":"Attivit\u00e0 - Camping Panorama","robots":{"index":"index","follow":"follow","max-snippet":"max-snippet:-1","max-image-preview":"max-image-preview:large","max-video-preview":"max-video-preview:-1"},"canonical":"https:\/\/www.campingpanorama.info\/it\/attivita\/","og_locale":"it_IT","og_type":"article","og_title":"Attivit\u00e0 - Camping Panorama","og_description":"Vivere il lago Numerose sono le possibilit\u00e0 che il lago vi offre: relax, divertimento, sport, romanticismo, tranquillit\u00e0.. Potrai prendere il sole ...","og_url":"https:\/\/www.campingpanorama.info\/it\/attivita\/","og_site_name":"Camping Panorama","article_publisher":"https:\/\/www.facebook.com\/campingpanorama.info\/","article_modified_time":"2020-05-22T19:44:29+00:00","og_image":[{"url":"http:\/\/www.campingpanorama.info\/wp\/wp-content\/uploads\/2016\/06\/vertical-300x280.jpg","type":"","width":"","height":""}],"twitter_card":"summary_large_image","twitter_misc":{"Tempo di lettura stimato":"1 minuto"},"schema":{"@context":"https:\/\/schema.org","@graph":[{"@type":"WebPage","@id":"https:\/\/www.campingpanorama.info\/it\/attivita\/","url":"https:\/\/www.campingpanorama.info\/it\/attivita\/","name":"Attivit\u00e0 - Camping Panorama","isPartOf":{"@id":"https:\/\/www.campingpanorama.info\/it\/#website"},"primaryImageOfPage":{"@id":"https:\/\/www.campingpanorama.info\/it\/attivita\/#primaryimage"},"image":{"@id":"https:\/\/www.campingpanorama.info\/it\/attivita\/#primaryimage"},"thumbnailUrl":"http:\/\/www.campingpanorama.info\/wp\/wp-content\/uploads\/2016\/06\/vertical-300x280.jpg","datePublished":"2016-06-03T08:05:25+00:00","dateModified":"2020-05-22T19:44:29+00:00","breadcrumb":{"@id":"https:\/\/www.campingpanorama.info\/it\/attivita\/#breadcrumb"},"inLanguage":"it-IT","potentialAction":[{"@type":"ReadAction","target":["https:\/\/www.campingpanorama.info\/it\/attivita\/"]}]},{"@type":"ImageObject","inLanguage":"it-IT","@id":"https:\/\/www.campingpanorama.info\/it\/attivita\/#primaryimage","url":"http:\/\/www.campingpanorama.info\/wp\/wp-content\/uploads\/2016\/06\/vertical-300x280.jpg","contentUrl":"http:\/\/www.campingpanorama.info\/wp\/wp-content\/uploads\/2016\/06\/vertical-300x280.jpg"},{"@type":"BreadcrumbList","@id":"https:\/\/www.campingpanorama.info\/it\/attivita\/#breadcrumb","itemListElement":[{"@type":"ListItem","position":1,"name":"Home","item":"https:\/\/www.campingpanorama.info\/it\/"},{"@type":"ListItem","position":2,"name":"Attivit\u00e0"}]},{"@type":"WebSite","@id":"https:\/\/www.campingpanorama.info\/it\/#website","url":"https:\/\/www.campingpanorama.info\/it\/","name":"Camping Panorama","description":"Dongo","potentialAction":[{"@type":"SearchAction","target":{"@type":"EntryPoint","urlTemplate":"https:\/\/www.campingpanorama.info\/it\/?s={search_term_string}"},"query-input":{"@type":"PropertyValueSpecification","valueRequired":true,"valueName":"search_term_string"}}],"inLanguage":"it-IT"}]}},"_links":{"self":[{"href":"https:\/\/www.campingpanorama.info\/it\/wp-json\/wp\/v2\/pages\/947","targetHints":{"allow":["GET"]}}],"collection":[{"href":"https:\/\/www.campingpanorama.info\/it\/wp-json\/wp\/v2\/pages"}],"about":[{"href":"https:\/\/www.campingpanorama.info\/it\/wp-json\/wp\/v2\/types\/page"}],"author":[{"embeddable":true,"href":"https:\/\/www.campingpanorama.info\/it\/wp-json\/wp\/v2\/users\/1"}],"replies":[{"embeddable":true,"href":"https:\/\/www.campingpanorama.info\/it\/wp-json\/wp\/v2\/comments?post=947"}],"version-history":[{"count":10,"href":"https:\/\/www.campingpanorama.info\/it\/wp-json\/wp\/v2\/pages\/947\/revisions"}],"predecessor-version":[{"id":1380,"href":"https:\/\/www.campingpanorama.info\/it\/wp-json\/wp\/v2\/pages\/947\/revisions\/1380"}],"wp:attachment":[{"href":"https:\/\/www.campingpanorama.info\/it\/wp-json\/wp\/v2\/media?parent=947"}],"curies":[{"name":"wp","href":"https:\/\/api.w.org\/{rel}","templated":true}]}}